{"id":5766,"date":"2020-04-15T07:30:37","date_gmt":"2020-04-15T07:30:37","guid":{"rendered":"https:\/\/merinox.nl\/tervetuloa-merinoxiin\/"},"modified":"2020-06-22T13:12:03","modified_gmt":"2020-06-22T13:12:03","slug":"tervetuloa-merinoxiin","status":"publish","type":"page","link":"http:\/\/merinox.nl\/no\/","title":{"rendered":"Velkommen til Merinox"},"content":{"rendered":"<p>Merinox-konserni on markkinoilla vaikeassa asemassa. Kilpailijamme ovat usein eritt\u00e4in suuria yrityksi\u00e4 ja haasteet ovat tiukkoja. Meille ei riit\u00e4, ett\u00e4 olemme yht\u00e4 hyv\u00e4 kuin muut. Meid\u00e4n t\u00e4ytyy olla paras. L\u00e4hestymme tilannetta varustautuneena ainutlaatuisilla aseillamme: Merinox-konserni on yksityisyritys, jonka omistajat ovat eritt\u00e4in sitoutuneita, samoin yli 35:sta putkialan ammattilaisesta koostuva henkil\u00f6kunta. Olemme aina valmiita toimimaan, olemme joustavia, nopeajalkaisia ja asiakaskeskeisi\u00e4. Jokainen asiakas on meille t\u00e4rke\u00e4 ja asiakkaamme tiet\u00e4v\u00e4t sen \u2013 joten he vaativat meilt\u00e4 paljon. Se on meist\u00e4 ihanaa, sill\u00e4 se tekee meist\u00e4 aktiivisia ja kilpailukykyisi\u00e4.<\/p>\n<p>T\u00e4ss\u00e4 on Merinox-yrityksen lyhyt esittely:<\/p>\n<p><strong>Merinox on laadukkaiden putkien johtava eurooppalainen varastojakelija.<\/strong> Meill\u00e4 on Euroopan suurin tuotevarasto 4 varastotilassamme <strong>Rotterdamissa, D\u00fcsseldorfissa, Manchesterissa ja Pariisissa<\/strong>. Valikoimaamme kuuluu yli 5 000 tuotetta ja yli 2 miljoonaa metri\u00e4 laadukkaita putkia. Vakiotuotteiden lis\u00e4ksi pid\u00e4mme varastossa suuria m\u00e4\u00e4ri\u00e4 useita erikoisseoksia, samoin monia harvinaisia ja erikoisia mittoja sek\u00e4 vaikeasti saatavia laatuja ja spesifikaatioita.<\/p>\n<p>Saumattomat putket<\/p>\n<p><strong>Kokov\u00e4li: 0,30\u201360 mm ulkohalkaisija (1\/32\u20132\u201d)<\/strong><\/p>\n<p><strong>Sein\u00e4m\u00e4paksuus: 0,10\u20136 mm (0,005\u20130,236\u201d)<\/strong><\/p>\n<p>satunnaiset mitat 6 metriin saakka, jopa 1 000 metrin kelat<\/p>\n<p>Spesifikaatiot esim. ASTM, ASME, EN, ISO, NACE, PED ja Norsok<\/p>\n<p>Varastolaadut:<\/p>\n<p><strong>Ruostumaton ter\u00e4s: 304L, 321, 316L, 316Ti, 310\/S, 317L, 904L &amp; 254SMO (6Mo)<\/strong><\/p>\n<p><strong>Nikkeliseokset: 200, 201, 400, 600, 625, C22, C276, C4<\/strong><\/p>\n<p><strong>Duplex: S31803<\/strong><\/p>\n<p><strong>Super Duplex: S32750<\/strong><\/p>\n<p><strong>Titaani: Grade 2<\/strong><\/p>\n<p><strong>Kupari: C122<\/strong><\/p>\n<p><strong>Putkien k\u00e4ytt\u00f6kohteet:<\/strong> Instrumentaatio, hydrauliikka, kela, kapillaari, korkeapaine, ohjauslinja, moniydin, valmiiksi eristetty, puhdas ja kromatografia.<\/p>\n<p><strong>Toimialat:<\/strong> \u00d6ljy ja kaasu, petrokemia ja jalostus, prosessi- ja juomateollisuus, instrumentit ja l\u00e4\u00e4ketiede, merik\u00e4ytt\u00f6 ja laivanrakennus, l\u00e4\u00e4kkeet ja bioteknologia, s\u00e4hk\u00f6 ja vaihtoehtoiset energiamuodot sek\u00e4 yleinen kauppa.<\/p>\n<p>Me Merinoxissa emme osaa sinun kielt\u00e4si. Voimme vastata vain seuraavilla kielill\u00e4:<br \/>\nenglanti, saksa, ranska ja hollanti.<\/p>\n","protected":false},"excerpt":{"rendered":"<p>Merinox-konserni on markkinoilla vaikeassa asemassa. Kilpailijamme ovat usein eritt\u00e4in suuria yrityksi\u00e4 ja haasteet ovat tiukkoja. Meille ei riit\u00e4, ett\u00e4 olemme yht\u00e4 hyv\u00e4 kuin muut. Meid\u00e4n t\u00e4ytyy olla paras. L\u00e4hestymme tilannetta varustautuneena ainutlaatuisilla aseillamme: Merinox-konserni on yksityisyritys, jonka omistajat ovat eritt\u00e4in sitoutuneita, samoin yli 35:sta putkialan ammattilaisesta koostuva henkil\u00f6kunta. Olemme aina valmiita toimimaan, olemme joustavia, nopeajalkaisia [&hellip;]<\/p>\n","protected":false},"author":1,"featured_media":0,"parent":0,"menu_order":-1,"comment_status":"closed","ping_status":"open","template":"page-templates\/tekstpagina.php","meta":{"footnotes":""},"class_list":["post-5766","page","type-page","status-publish","hentry"],"aioseo_notices":[],"_links":{"self":[{"href":"http:\/\/merinox.nl\/no\/wp-json\/wp\/v2\/pages\/5766","targetHints":{"allow":["GET"]}}],"collection":[{"href":"http:\/\/merinox.nl\/no\/wp-json\/wp\/v2\/pages"}],"about":[{"href":"http:\/\/merinox.nl\/no\/wp-json\/wp\/v2\/types\/page"}],"author":[{"embeddable":true,"href":"http:\/\/merinox.nl\/no\/wp-json\/wp\/v2\/users\/1"}],"replies":[{"embeddable":true,"href":"http:\/\/merinox.nl\/no\/wp-json\/wp\/v2\/comments?post=5766"}],"version-history":[{"count":3,"href":"http:\/\/merinox.nl\/no\/wp-json\/wp\/v2\/pages\/5766\/revisions"}],"predecessor-version":[{"id":6547,"href":"http:\/\/merinox.nl\/no\/wp-json\/wp\/v2\/pages\/5766\/revisions\/6547"}],"wp:attachment":[{"href":"http:\/\/merinox.nl\/no\/wp-json\/wp\/v2\/media?parent=5766"}],"curies":[{"name":"wp","href":"https:\/\/api.w.org\/{rel}","templated":true}]}}